{"id":39734,"date":"2015-11-12T17:59:26","date_gmt":"2015-11-12T15:59:26","guid":{"rendered":"https:\/\/shopi.lv\/kontakty\/"},"modified":"2025-03-04T14:08:20","modified_gmt":"2025-03-04T12:08:20","slug":"kontakty","status":"publish","type":"page","link":"https:\/\/shopi.lv\/ru\/kontakty\/","title":{"rendered":"\u041a\u043e\u043d\u0442\u0430\u043a\u0442\u044b"},"content":{"rendered":"<p><strong>\u041f\u043e\u0441\u043b\u0435 \u043f\u0430\u043d\u0434\u0435\u043c\u0438\u0438 Covid 19 \u043c\u0430\u0433\u0430\u0437\u0438\u043d \u0431\u043e\u043b\u044c\u0448\u0435 \u043d\u0435 \u043e\u0431\u0441\u043b\u0443\u0436\u0438\u0432\u0430\u0435\u0442 \u043f\u043e\u043a\u0443\u043f\u0430\u0442\u0435\u043b\u0435\u0439 \u043b\u0438\u0447\u043d\u043e, \u0442\u043e\u043b\u044c\u043a\u043e \u0434\u043e\u0441\u0442\u0430\u0432\u043a\u0430.<\/strong><\/p>\n<p style=\"text-align: left;\"><span style=\"font-size: 16px;\">SIA StuffSale<\/span><\/p>\n<p style=\"text-align: left;\"><span style=\"line-height: 16.8px; font-size: 16px; background-color: initial;\">\u0420\u0435\u0433. \u043d\u043e\u043c\u0435\u0440: 40103696180<\/span><\/p>\n<p style=\"text-align: left;\"><span style=\"line-height: 16.8px; font-size: 16px; background-color: initial;\">\u041d\u0414\u0421 \u043d\u043e\u043c\u0435\u0440: LV40103696180<\/span><br \/>\n<span style=\"line-height: 16.8px; font-size: 16px; background-color: initial;\">\u042e\u0440. \u0430\u0434\u0440\u0435\u0441: \u0420\u0438\u0433\u0430, \u0412\u0430\u043b\u0434\u0435\u043a\u044e\u00a062-100, LV-1058<\/span><\/p>\n<p style=\"text-align: left;\">\u0411\u0430\u043d\u043a:\u00a0<span style=\"line-height: 16.8px; font-size: 16px; background-color: initial;\">AS &#8220;Swedbank&#8221; HABALV22<\/span><br \/>\n<span style=\"line-height: 16.8px; font-size: 16px; background-color: initial;\">\u041d\u043e\u043c\u0435\u0440 \u0441\u0447\u0451\u0442\u0430: LV25HABA0551036890704<\/span><\/p>\n<p style=\"text-align: left;\">\u0422\u0435\u043b\u0435\u0444\u043e\u043d: +371 28287259\u00a0 \u0435-\u043f\u043e\u0447\u0442\u0430: <a href=\"mailto:info@shopi.lv\">info@shopi.lv<\/a><\/p>\n<p style=\"text-align: left;\">\u0412\u0440\u0435\u043c\u044f \u0440\u0430\u0431\u043e\u0442\u044b: \u041f\u043e\u043d\u0435\u0434\u0435\u043b\u044c\u043d\u0438\u043a-\u041f\u044f\u0442\u043d\u0438\u0446\u0430 10:00 &#8211; 17:00<\/p>\n<p style=\"text-align: left;\"><strong>C\u0443\u0431\u0431\u043e\u0442\u0430 \u0438 \u0432\u043e\u0441\u043a\u0440\u0435\u0441\u0435\u043d\u044ce &#8211; \u0437\u0430\u043a\u0440\u044b\u0442\u043e.<\/strong><\/p>\n<p style=\"text-align: left;\"><img loading=\"lazy\" decoding=\"async\" class=\"aligncenter wp-image-13004 size-full\" src=\"https:\/\/shopi.lv\/wp-content\/uploads\/2020\/01\/K.Ulma-a-2.jpg\" alt=\"shopi.lv adres\" width=\"462\" height=\"247\" srcset=\"https:\/\/shopi.lv\/wp-content\/uploads\/2020\/01\/K.Ulma-a-2.jpg 462w, https:\/\/shopi.lv\/wp-content\/uploads\/2020\/01\/K.Ulma-a-2-300x160.jpg 300w\" sizes=\"auto, (max-width: 462px) 100vw, 462px\" \/><\/p>\n<p style=\"text-align: left;\">\u0424\u0438\u0437.\u0430\u0434\u0440\u0435\u0441:\u00a0K\u0101r\u013ca Ulma\u0146a gatve 2, R\u012bga, LV-1004\u00a0\u041a\u0430\u043a \u043d\u0430\u0441 \u043d\u0430\u0439\u0442\u0438:\u00a0<a href=\"https:\/\/www.google.com\/maps\/place\/K%C4%81r%C4%BCa+Ulma%C5%86a+gatve+2,+Zemgales+priek%C5%A1pils%C4%93ta,+R%C4%ABga,+LV-1004\/@56.9221434,24.0995249,17z\/data=!3m1!4b1!4m5!3m4!1s0x46eed04b244890d7:0x10ced978b5a3ea2f!8m2!3d56.9221434!4d24.1017136\" rel=\"noopener\">\u0421\u041c\u041e\u0422\u0420\u0418\u0422\u0415 \u0417\u0414\u0415\u0421\u042c<\/a><\/p>\n<p style=\"text-align: left;\">\n","protected":false},"excerpt":{"rendered":"<p>\u041f\u043e\u0441\u043b\u0435 \u043f\u0430\u043d\u0434\u0435\u043c\u0438\u0438 Covid 19 \u043c\u0430\u0433\u0430\u0437\u0438\u043d \u0431\u043e\u043b\u044c\u0448\u0435 \u043d\u0435 \u043e\u0431\u0441\u043b\u0443\u0436\u0438\u0432\u0430\u0435\u0442 \u043f\u043e\u043a\u0443\u043f\u0430\u0442\u0435\u043b\u0435\u0439 \u043b\u0438\u0447\u043d\u043e, \u0442\u043e\u043b\u044c\u043a\u043e \u0434\u043e\u0441\u0442\u0430\u0432\u043a\u0430. SIA StuffSale \u0420\u0435\u0433. \u043d\u043e\u043c\u0435\u0440: 40103696180 \u041d\u0414\u0421 \u043d\u043e\u043c\u0435\u0440: LV40103696180 \u042e\u0440. \u0430\u0434\u0440\u0435\u0441: \u0420\u0438\u0433\u0430, \u0412\u0430\u043b\u0434\u0435\u043a\u044e\u00a062-100, LV-1058 \u0411\u0430\u043d\u043a:\u00a0AS &#8220;Swedbank&#8221; HABALV22 \u041d\u043e\u043c\u0435\u0440 \u0441\u0447\u0451\u0442\u0430: LV25HABA0551036890704 \u0422\u0435\u043b\u0435\u0444\u043e\u043d: +371 28287259\u00a0 \u0435-\u043f\u043e\u0447\u0442\u0430: info@shopi.lv \u0412\u0440\u0435\u043c\u044f \u0440\u0430\u0431\u043e\u0442\u044b: \u041f\u043e\u043d\u0435\u0434\u0435\u043b\u044c\u043d\u0438\u043a-\u041f\u044f\u0442\u043d\u0438\u0446\u0430 10:00 &#8211; 17:00 C\u0443\u0431\u0431\u043e\u0442\u0430 \u0438 \u0432\u043e\u0441\u043a\u0440\u0435\u0441\u0435\u043d\u044ce &#8211; \u0437\u0430\u043a\u0440\u044b\u0442\u043e. \u0424\u0438\u0437.\u0430\u0434\u0440\u0435\u0441:\u00a0K\u0101r\u013ca Ulma\u0146a gatve 2, R\u012bga, LV-1004\u00a0\u041a\u0430\u043a \u043d\u0430\u0441 \u043d\u0430\u0439\u0442\u0438:\u00a0\u0421\u041c\u041e\u0422\u0420\u0418\u0422\u0415 [&#8230;]\n","protected":false},"author":1,"featured_media":0,"parent":0,"menu_order":0,"comment_status":"closed","ping_status":"closed","template":"","meta":{"footnotes":""},"class_list":["post-39734","page","type-page","status-publish","hentry"],"jetpack_shortlink":"https:\/\/wp.me\/P7RS3T-akS","jetpack_sharing_enabled":true,"_links":{"self":[{"href":"https:\/\/shopi.lv\/ru\/wp-json\/wp\/v2\/pages\/39734","targetHints":{"allow":["GET"]}}],"collection":[{"href":"https:\/\/shopi.lv\/ru\/wp-json\/wp\/v2\/pages"}],"about":[{"href":"https:\/\/shopi.lv\/ru\/wp-json\/wp\/v2\/types\/page"}],"author":[{"embeddable":true,"href":"https:\/\/shopi.lv\/ru\/wp-json\/wp\/v2\/users\/1"}],"replies":[{"embeddable":true,"href":"https:\/\/shopi.lv\/ru\/wp-json\/wp\/v2\/comments?post=39734"}],"version-history":[{"count":6,"href":"https:\/\/shopi.lv\/ru\/wp-json\/wp\/v2\/pages\/39734\/revisions"}],"predecessor-version":[{"id":45152,"href":"https:\/\/shopi.lv\/ru\/wp-json\/wp\/v2\/pages\/39734\/revisions\/45152"}],"wp:attachment":[{"href":"https:\/\/shopi.lv\/ru\/wp-json\/wp\/v2\/media?parent=39734"}],"curies":[{"name":"wp","href":"https:\/\/api.w.org\/{rel}","templated":true}]}}